{"id":711,"date":"2021-06-03T11:11:22","date_gmt":"2021-06-03T09:11:22","guid":{"rendered":"https:\/\/bgpromoteur.fr\/?page_id=711"},"modified":"2024-11-24T02:32:11","modified_gmt":"2024-11-24T01:32:11","slug":"mentions-legales","status":"publish","type":"page","link":"https:\/\/bgpromoteur.fr\/index.php\/mentions-legales\/","title":{"rendered":"Mentions l\u00e9gales"},"content":{"rendered":"<p><strong>RESPONSABILIT\u00c9<\/strong><\/p>\n<p>Le propri\u00e9taire assure seul la responsabilit\u00e9 des informations et des prestations fournies. Cependant, la Soci\u00e9t\u00e9 B&amp;G Promoteur-Constructeur s\u2019efforce d\u2019assurer au mieux de ses possibilit\u00e9s, l\u2019exactitude et la mise \u00e0 jour des informations diffus\u00e9es sur ce site, dont il se r\u00e9serve le droit de corriger, \u00e0 tout moment et sans pr\u00e9avis, le contenu. Aussi, elle avertit le visiteur qu\u2019il lui appartient de v\u00e9rifier l\u2019information par d\u2019autres moyens. En cons\u00e9quence, la Soci\u00e9t\u00e9 B&amp;G Promoteur-Constructeur. d\u00e9cline toute responsabilit\u00e9 : pour toute impr\u00e9cision, inexactitude ou omission portant sur des informations disponibles sur le site ; pour tous dommages r\u00e9sultant d\u2019une intrusion frauduleuse d\u2019un tiers ayant entra\u00een\u00e9 une modification des informations mises \u00e0 la disposition sur le site ; et plus g\u00e9n\u00e9ralement pour tous dommages, directs ou indirects, qu\u2019elles qu\u2019en soient les causes, origines, nature ou cons\u00e9quences, provoqu\u00e9s \u00e0 raison de l\u2019acc\u00e8s de quiconque au site ou de l\u2019impossibilit\u00e9 d\u2019y acc\u00e9der, de m\u00eame que l\u2019utilisation du site et\/ou du cr\u00e9dit accord\u00e9 \u00e0 une quelconque information provenant directement ou indirectement de ce dernier. Par ailleurs, sauf mention contraire, les droits de propri\u00e9t\u00e9 intellectuelle sur les documents contenus dans le site et chacun des \u00e9l\u00e9ments cr\u00e9\u00e9s pour ce site sont la propri\u00e9t\u00e9 exclusive de la Soci\u00e9t\u00e9 B&amp;G Promoteur-Constructeur ou de ses fournisseurs, ceux-ci ne conc\u00e9dant aucune licence, ni aucun droit que celui de consulter le site. La reproduction de tous documents publi\u00e9s sur le site est seulement autoris\u00e9e \u00e0 des fins exclusives d\u2019informations pour un usage personnel et priv\u00e9, toute reproduction et toute utilisation de copies r\u00e9alis\u00e9es \u00e0 d\u2019autres fins \u00e9tant express\u00e9ment interdite.<br \/>Toutes les marques cit\u00e9es dans ce site appartiennent \u00e0 leurs compagnies respectives. Tous les produits, logos, et images cit\u00e9s dans les pages de ce site sont la propri\u00e9t\u00e9 de leur marque respective.<\/p>\n<p>TRAITEMENT DES DONN\u00c9ES PERSONNELLES<\/p>\n<p>Les informations que la Soci\u00e9t\u00e9 B&amp;G Promoteur-Constructeur sera amen\u00e9e \u00e0 recueillir proviennent de l\u2019enregistrement volontaire d\u2019une adresse courriel fournie par l\u2019internaute, lui permettant de recevoir une documentation, de se renseigner sur un point quelconque. Ces informations ne sont jamais communiqu\u00e9es \u00e0 des tiers.<\/p>\n<p>DROITS D\u2019AUTEUR<\/p>\n<p>Ce site web constitue une \u0153uvre prot\u00e9g\u00e9e en France par le Code de la Propri\u00e9t\u00e9 Intellectuelle, et \u00e0 l\u2019\u00e9tranger par les conventions internationales en vigueur sur le droit d\u2019auteur. Penis problems, such as erectile dysfunction, affect male sexual health significantly. Advanced ed devices offer innovative solutions by enhancing blood flow. For comprehensive insights, visit <a  href=\"https:\/\/www.piedmonthomehealth.com\/\" style=\"color: #5A5E61;\">http:\/\/piedmonthomehealth.com<\/a> Addressing these issues promptly is vital for optimal health. La violation de l\u2019un des droits d\u2019auteur de l\u2019\u0153uvre est un d\u00e9lit de contrefa\u00e7on passible, aux termes de l\u2019article L.335-2 du Code de la Propri\u00e9t\u00e9 Intellectuelle, de trois ans d\u2019emprisonnement et de 300 000 \u20ac d\u2019amende.<\/p>\n<p><strong>LIENS HYPERTEXTE (responsabilit\u00e9)<\/strong><\/p>\n<p>Les liens hypertextes pr\u00e9sents sur le site orientant les utilisateurs vers d\u2019autres sites Internet n\u2019engagent pas la responsabilit\u00e9 de la Soci\u00e9t\u00e9 B&amp;G Promoteur-Constructeur quant au contenu de ces sites. Toute personne physique ou morale souhaitant que soit \u00e9tabli un lien avec www.bgpromoteur.fr \u00e0 partir de notre site, doit pr\u00e9alablement en demander l\u2019autorisation. L\u2019\u00e9tablissement de lien vers notre site ne requiert pas d\u2019autorisation. La Soci\u00e9t\u00e9 B&amp;G Promoteur-Constructeur d\u00e9gage toute responsabilit\u00e9 dans ce cas. Le Directeur de la Publication n\u2019est pas responsable de l\u2019insertion \u00e9ventuelle d\u2019un lien vers www.bgpromoteur.fr dans des sites jug\u00e9s illicites ou au contenu choquant (pornographie, incitation \u00e0 la haine raciale, promotion des sectes, piratage informatique, etc\u2026).<\/p>\n<p><strong>R\u00c9ALISATION ET H\u00c9BERGEMENT DU SITE<\/strong><\/p>\n<p>B&amp;G Promoteur-Constructeur<\/p>\n<p>Ce site est h\u00e9berg\u00e9 par OVH.<\/p>\n<p>(1)&nbsp;Selon conditions d\u2019octroi en vigueur d\u00e9finies par le minist\u00e8re du Logement au 01\/01\/18. Retrouvez le d\u00e9tail sur&nbsp;<a class=\"\" href=\"http:\/\/service-public.fr\/particuliers\/vosdroits\/F10871\">service-public.fr\/particuliers\/vosdroits\/F10871<\/a>&nbsp;(2)R\u00e9glementation Thermique 2012. (3) LOI PINEL :&nbsp;Cf. texte publi\u00e9 au journal officiel du 30 d\u00e9cembre 2014. Dispositif d\u2019aide \u00e0 l\u2019investissement locatif permettant de b\u00e9n\u00e9ficier d\u2019une r\u00e9duction d\u2019imp\u00f4t sur le revenu tel que pr\u00e9vu dans le Code G\u00e9n\u00e9ral des imp\u00f4ts, Article 199 novovicies. Best Viagra for men assists in enhancing erectile function, increasing stamina and improving overall sexual performance. For more options, consult a healthcare specialist or <a  href=\"https:\/\/pasakebapkemer.com\/lenfatik-filaryaz-tibbi-bir-bakis-acisi\/\" style=\"color: #525658;\">you could check here<\/a> for detailed information on effective treatments. R\u00e9serv\u00e9 aux contribuables domicili\u00e9s en France qui acqui\u00e8rent jusqu\u2019au 31 d\u00e9cembre 2018 un logement neuf ou en l\u2019\u00e9tat futur d\u2019ach\u00e8vement et qui s\u2019engagent \u00e0 le louer pour une p\u00e9riode minimale de six, neuf ou douze ans. La r\u00e9duction d\u2019imp\u00f4ts est calcul\u00e9e sur le prix du logement dans la limite de 300 000\u20ac. Le non-respect des engagements de location entra\u00eene la perte du b\u00e9n\u00e9fice des incitations fiscales. Retrouvez le d\u00e9tail sur&nbsp;<a class=\"\" href=\"http:\/\/loipinel-gouv.org\/\">loipinel-gouv.org<\/a>.<\/p>\n","protected":false},"excerpt":{"rendered":"<p>RESPONSABILIT\u00c9 Le propri\u00e9taire assure seul la responsabilit\u00e9 des informations et des prestations fournies. Cependant, la Soci\u00e9t\u00e9 B&amp;G Promoteur-Constructeur s\u2019efforce d\u2019assurer au mieux de ses possibilit\u00e9s, l\u2019exactitude et la mise \u00e0 jour des informations diffus\u00e9es sur ce site, dont il se r\u00e9serve le droit de corriger, \u00e0 tout moment et sans pr\u00e9avis, le contenu. Aussi, elle [&hellip;]<\/p>\n","protected":false},"author":1,"featured_media":0,"parent":0,"menu_order":0,"comment_status":"closed","ping_status":"closed","template":"","meta":{"footnotes":""},"class_list":["post-711","page","type-page","status-publish","hentry"],"yoast_head":"<!-- This site is optimized with the Yoast SEO plugin v25.3 - https:\/\/yoast.com\/wordpress\/plugins\/seo\/ -->\n<title>Mentions l\u00e9gales - B&amp;G Promoteur-Constructeur<\/title>\n<meta name=\"robots\" content=\"index, follow, max-snippet:-1, max-image-preview:large, max-video-preview:-1\" \/>\n<link rel=\"canonical\" href=\"https:\/\/bgpromoteur.fr\/index.php\/mentions-legales\/\" \/>\n<meta property=\"og:locale\" content=\"fr_FR\" \/>\n<meta property=\"og:type\" content=\"article\" \/>\n<meta property=\"og:title\" content=\"Mentions l\u00e9gales - B&amp;G Promoteur-Constructeur\" \/>\n<meta property=\"og:description\" content=\"RESPONSABILIT\u00c9 Le propri\u00e9taire assure seul la responsabilit\u00e9 des informations et des prestations fournies. Cependant, la Soci\u00e9t\u00e9 B&amp;G Promoteur-Constructeur s\u2019efforce d\u2019assurer au mieux de ses possibilit\u00e9s, l\u2019exactitude et la mise \u00e0 jour des informations diffus\u00e9es sur ce site, dont il se r\u00e9serve le droit de corriger, \u00e0 tout moment et sans pr\u00e9avis, le contenu. Aussi, elle [&hellip;]\" \/>\n<meta property=\"og:url\" content=\"https:\/\/bgpromoteur.fr\/index.php\/mentions-legales\/\" \/>\n<meta property=\"og:site_name\" content=\"B&amp;G Promoteur-Constructeur\" \/>\n<meta property=\"article:modified_time\" content=\"2024-11-24T01:32:11+00:00\" \/>\n<meta name=\"twitter:card\" content=\"summary_large_image\" \/>\n<meta name=\"twitter:label1\" content=\"Dur\u00e9e de lecture estim\u00e9e\" \/>\n\t<meta name=\"twitter:data1\" content=\"4 minutes\" \/>\n<script type=\"application\/ld+json\" class=\"yoast-schema-graph\">{\"@context\":\"https:\/\/schema.org\",\"@graph\":[{\"@type\":\"WebPage\",\"@id\":\"https:\/\/bgpromoteur.fr\/index.php\/mentions-legales\/\",\"url\":\"https:\/\/bgpromoteur.fr\/index.php\/mentions-legales\/\",\"name\":\"Mentions l\u00e9gales - B&amp;G Promoteur-Constructeur\",\"isPartOf\":{\"@id\":\"https:\/\/bgpromoteur.fr\/#website\"},\"datePublished\":\"2021-06-03T09:11:22+00:00\",\"dateModified\":\"2024-11-24T01:32:11+00:00\",\"breadcrumb\":{\"@id\":\"https:\/\/bgpromoteur.fr\/index.php\/mentions-legales\/#breadcrumb\"},\"inLanguage\":\"fr-FR\",\"potentialAction\":[{\"@type\":\"ReadAction\",\"target\":[\"https:\/\/bgpromoteur.fr\/index.php\/mentions-legales\/\"]}]},{\"@type\":\"BreadcrumbList\",\"@id\":\"https:\/\/bgpromoteur.fr\/index.php\/mentions-legales\/#breadcrumb\",\"itemListElement\":[{\"@type\":\"ListItem\",\"position\":1,\"name\":\"Accueil\",\"item\":\"https:\/\/bgpromoteur.fr\/\"},{\"@type\":\"ListItem\",\"position\":2,\"name\":\"Mentions l\u00e9gales\"}]},{\"@type\":\"WebSite\",\"@id\":\"https:\/\/bgpromoteur.fr\/#website\",\"url\":\"https:\/\/bgpromoteur.fr\/\",\"name\":\"B&amp;G Promoteur-Constructeur\",\"description\":\"\",\"publisher\":{\"@id\":\"https:\/\/bgpromoteur.fr\/#organization\"},\"potentialAction\":[{\"@type\":\"SearchAction\",\"target\":{\"@type\":\"EntryPoint\",\"urlTemplate\":\"https:\/\/bgpromoteur.fr\/?s={search_term_string}\"},\"query-input\":{\"@type\":\"PropertyValueSpecification\",\"valueRequired\":true,\"valueName\":\"search_term_string\"}}],\"inLanguage\":\"fr-FR\"},{\"@type\":\"Organization\",\"@id\":\"https:\/\/bgpromoteur.fr\/#organization\",\"name\":\"B&G Promoteur-Constructeur\",\"url\":\"https:\/\/bgpromoteur.fr\/\",\"logo\":{\"@type\":\"ImageObject\",\"inLanguage\":\"fr-FR\",\"@id\":\"https:\/\/bgpromoteur.fr\/#\/schema\/logo\/image\/\",\"url\":\"https:\/\/bgpromoteur.fr\/wp-content\/uploads\/2021\/06\/logobg_facebook.jpg\",\"contentUrl\":\"https:\/\/bgpromoteur.fr\/wp-content\/uploads\/2021\/06\/logobg_facebook.jpg\",\"width\":200,\"height\":200,\"caption\":\"B&G Promoteur-Constructeur\"},\"image\":{\"@id\":\"https:\/\/bgpromoteur.fr\/#\/schema\/logo\/image\/\"}}]}<\/script>\n<!-- \/ Yoast SEO plugin. -->","yoast_head_json":{"title":"Mentions l\u00e9gales - B&amp;G Promoteur-Constructeur","robots":{"index":"index","follow":"follow","max-snippet":"max-snippet:-1","max-image-preview":"max-image-preview:large","max-video-preview":"max-video-preview:-1"},"canonical":"https:\/\/bgpromoteur.fr\/index.php\/mentions-legales\/","og_locale":"fr_FR","og_type":"article","og_title":"Mentions l\u00e9gales - B&amp;G Promoteur-Constructeur","og_description":"RESPONSABILIT\u00c9 Le propri\u00e9taire assure seul la responsabilit\u00e9 des informations et des prestations fournies. Cependant, la Soci\u00e9t\u00e9 B&amp;G Promoteur-Constructeur s\u2019efforce d\u2019assurer au mieux de ses possibilit\u00e9s, l\u2019exactitude et la mise \u00e0 jour des informations diffus\u00e9es sur ce site, dont il se r\u00e9serve le droit de corriger, \u00e0 tout moment et sans pr\u00e9avis, le contenu. Aussi, elle [&hellip;]","og_url":"https:\/\/bgpromoteur.fr\/index.php\/mentions-legales\/","og_site_name":"B&amp;G Promoteur-Constructeur","article_modified_time":"2024-11-24T01:32:11+00:00","twitter_card":"summary_large_image","twitter_misc":{"Dur\u00e9e de lecture estim\u00e9e":"4 minutes"},"schema":{"@context":"https:\/\/schema.org","@graph":[{"@type":"WebPage","@id":"https:\/\/bgpromoteur.fr\/index.php\/mentions-legales\/","url":"https:\/\/bgpromoteur.fr\/index.php\/mentions-legales\/","name":"Mentions l\u00e9gales - B&amp;G Promoteur-Constructeur","isPartOf":{"@id":"https:\/\/bgpromoteur.fr\/#website"},"datePublished":"2021-06-03T09:11:22+00:00","dateModified":"2024-11-24T01:32:11+00:00","breadcrumb":{"@id":"https:\/\/bgpromoteur.fr\/index.php\/mentions-legales\/#breadcrumb"},"inLanguage":"fr-FR","potentialAction":[{"@type":"ReadAction","target":["https:\/\/bgpromoteur.fr\/index.php\/mentions-legales\/"]}]},{"@type":"BreadcrumbList","@id":"https:\/\/bgpromoteur.fr\/index.php\/mentions-legales\/#breadcrumb","itemListElement":[{"@type":"ListItem","position":1,"name":"Accueil","item":"https:\/\/bgpromoteur.fr\/"},{"@type":"ListItem","position":2,"name":"Mentions l\u00e9gales"}]},{"@type":"WebSite","@id":"https:\/\/bgpromoteur.fr\/#website","url":"https:\/\/bgpromoteur.fr\/","name":"B&amp;G Promoteur-Constructeur","description":"","publisher":{"@id":"https:\/\/bgpromoteur.fr\/#organization"},"potentialAction":[{"@type":"SearchAction","target":{"@type":"EntryPoint","urlTemplate":"https:\/\/bgpromoteur.fr\/?s={search_term_string}"},"query-input":{"@type":"PropertyValueSpecification","valueRequired":true,"valueName":"search_term_string"}}],"inLanguage":"fr-FR"},{"@type":"Organization","@id":"https:\/\/bgpromoteur.fr\/#organization","name":"B&G Promoteur-Constructeur","url":"https:\/\/bgpromoteur.fr\/","logo":{"@type":"ImageObject","inLanguage":"fr-FR","@id":"https:\/\/bgpromoteur.fr\/#\/schema\/logo\/image\/","url":"https:\/\/bgpromoteur.fr\/wp-content\/uploads\/2021\/06\/logobg_facebook.jpg","contentUrl":"https:\/\/bgpromoteur.fr\/wp-content\/uploads\/2021\/06\/logobg_facebook.jpg","width":200,"height":200,"caption":"B&G Promoteur-Constructeur"},"image":{"@id":"https:\/\/bgpromoteur.fr\/#\/schema\/logo\/image\/"}}]}},"_links":{"self":[{"href":"https:\/\/bgpromoteur.fr\/index.php\/wp-json\/wp\/v2\/pages\/711","targetHints":{"allow":["GET"]}}],"collection":[{"href":"https:\/\/bgpromoteur.fr\/index.php\/wp-json\/wp\/v2\/pages"}],"about":[{"href":"https:\/\/bgpromoteur.fr\/index.php\/wp-json\/wp\/v2\/types\/page"}],"author":[{"embeddable":true,"href":"https:\/\/bgpromoteur.fr\/index.php\/wp-json\/wp\/v2\/users\/1"}],"replies":[{"embeddable":true,"href":"https:\/\/bgpromoteur.fr\/index.php\/wp-json\/wp\/v2\/comments?post=711"}],"version-history":[{"count":4,"href":"https:\/\/bgpromoteur.fr\/index.php\/wp-json\/wp\/v2\/pages\/711\/revisions"}],"predecessor-version":[{"id":1553,"href":"https:\/\/bgpromoteur.fr\/index.php\/wp-json\/wp\/v2\/pages\/711\/revisions\/1553"}],"wp:attachment":[{"href":"https:\/\/bgpromoteur.fr\/index.php\/wp-json\/wp\/v2\/media?parent=711"}],"curies":[{"name":"wp","href":"https:\/\/api.w.org\/{rel}","templated":true}]}}