{"id":29,"date":"2021-05-27T14:58:26","date_gmt":"2021-05-27T12:58:26","guid":{"rendered":"https:\/\/bgpromoteur.fr\/?page_id=29"},"modified":"2026-01-15T09:09:57","modified_gmt":"2026-01-15T08:09:57","slug":"nous-recrutons","status":"publish","type":"page","link":"https:\/\/bgpromoteur.fr\/index.php\/nous-recrutons\/","title":{"rendered":"Nous recrutons"},"content":{"rendered":"\n<div style=\"height:25px\" aria-hidden=\"true\" class=\"wp-block-spacer\"><\/div>\n\n\n\n<p><\/p>\n\n\n\n<div style=\"height:25px\" aria-hidden=\"true\" class=\"wp-block-spacer\"><\/div>\n\n\n\n<div class=\"wp-block-columns is-layout-flex wp-container-core-columns-is-layout-9d6595d7 wp-block-columns-is-layout-flex\">\n<div class=\"wp-block-column is-layout-flow wp-block-column-is-layout-flow\">\n<h2 style=\"text-align:left\"><strong><span class=\"has-inline-color has-vivid-cyan-blue-color\">Vous recherchez un groupe performant ?<\/span><\/strong><\/h2>\n\n\n\n<h5 class=\"has-text-align-left\" style=\"text-align:justify\">En progression permanente, nous recherchons&nbsp;de nouveaux talents pour accompagner les diff\u00e9rentes structures du groupe.<\/h5>\n<\/div>\n\n\n\n<div class=\"wp-block-column is-vertically-aligned-center is-layout-flow wp-block-column-is-layout-flow\">\n<figure class=\"wp-block-image size-large is-resized\"><img loading=\"lazy\" decoding=\"async\" width=\"1024\" height=\"683\" src=\"https:\/\/bgpromoteur.fr\/wp-content\/uploads\/2021\/06\/iStock-921965326-1024x683.jpg\" alt=\"\" class=\"wp-image-278\" style=\"width:495px;height:329px\" srcset=\"https:\/\/bgpromoteur.fr\/wp-content\/uploads\/2021\/06\/iStock-921965326-1024x683.jpg 1024w, https:\/\/bgpromoteur.fr\/wp-content\/uploads\/2021\/06\/iStock-921965326-300x200.jpg 300w, https:\/\/bgpromoteur.fr\/wp-content\/uploads\/2021\/06\/iStock-921965326-768x512.jpg 768w, https:\/\/bgpromoteur.fr\/wp-content\/uploads\/2021\/06\/iStock-921965326-1536x1024.jpg 1536w, https:\/\/bgpromoteur.fr\/wp-content\/uploads\/2021\/06\/iStock-921965326-2048x1365.jpg 2048w\" sizes=\"auto, (max-width: 1024px) 100vw, 1024px\" \/><\/figure>\n<\/div>\n<\/div>\n\n\n\n<div class=\"wp-block-columns is-layout-flex wp-container-core-columns-is-layout-9d6595d7 wp-block-columns-is-layout-flex\">\n<div class=\"wp-block-column is-layout-flow wp-block-column-is-layout-flow\" style=\"flex-basis:33.33%\">\n<figure class=\"wp-block-image size-large is-resized\"><img loading=\"lazy\" decoding=\"async\" width=\"390\" height=\"307\" src=\"https:\/\/bgpromoteur.fr\/wp-content\/uploads\/2021\/05\/Fotolia_4518619_XS.jpg\" alt=\"\" class=\"wp-image-227\" style=\"aspect-ratio:1.270358306188925;width:478px;height:auto\" srcset=\"https:\/\/bgpromoteur.fr\/wp-content\/uploads\/2021\/05\/Fotolia_4518619_XS.jpg 390w, https:\/\/bgpromoteur.fr\/wp-content\/uploads\/2021\/05\/Fotolia_4518619_XS-300x236.jpg 300w\" sizes=\"auto, (max-width: 390px) 100vw, 390px\" \/><\/figure>\n<\/div>\n\n\n\n<div class=\"wp-block-column is-layout-flow wp-block-column-is-layout-flow\" style=\"flex-basis:66.66%\">\n<div class=\"wp-block-group\"><div class=\"wp-block-group__inner-container is-layout-flow wp-block-group-is-layout-flow\">\n<h2 class=\"wp-block-heading has-text-align-left\"><span style=\"background-color:rgba(0, 0, 0, 0)\" class=\"has-inline-color has-vivid-cyan-blue-color\">Postulez \u00e0 nos offres<\/span><\/h2>\n\n\n\n<div class=\"wp-block-group\"><div class=\"wp-block-group__inner-container is-layout-flow wp-block-group-is-layout-flow\">\n<h4 class=\"wp-block-heading\"><span style=\"background-color:rgba(0, 0, 0, 0)\" class=\"has-inline-color has-vivid-cyan-blue-color\">Rejoignez-nous !<\/span><\/h4>\n\n\n\n<h5 class=\"has-text-align-left\">\n<strong>Chef de chantier<\/strong>\n<a rel=\"noreferrer noopener\" href=\"https:\/\/bgpromoteur.fr\/wp-content\/uploads\/2026\/01\/Chef-de-Chantier.pdf\" target=\"_blank\"><br>t\u00e9l\u00e9chargez l\u2019offre au format PDF<\/a>\n<\/h5>\n<h5 class=\"has-text-align-left\">\n<strong>Conducteur de travaux<\/strong>\n<a rel=\"noreferrer noopener\" href=\"https:\/\/bgpromoteur.fr\/wp-content\/uploads\/2026\/01\/Conducteur-de-travaux.pdf\" target=\"_blank\"><br>t\u00e9l\u00e9chargez l\u2019offre au format PDF<\/a>\n<\/h5>\n<h5 class=\"has-text-align-left\">\n<strong>Technicien SAV Menuiserie ext. et plaquiste<\/strong>\n<a rel=\"noreferrer noopener\" href=\"https:\/\/bgpromoteur.fr\/wp-content\/uploads\/2026\/01\/TECHNICIEN-SAV-MEXT-PLAQ.pdf\" target=\"_blank\"><br>t\u00e9l\u00e9chargez l\u2019offre au format PDF<\/a>\n<\/h5>\n\n<h5 class=\"has-text-align-left\">\n<strong>D\u00e9veloppeur foncier dans le 95<\/strong>\n<a rel=\"noreferrer noopener\" href=\"https:\/\/bgpromoteur.fr\/wp-content\/uploads\/2026\/01\/Developpeur-Foncier-95.pdf\" target=\"_blank\"><br>t\u00e9l\u00e9chargez l\u2019offre au format PDF<\/a>\n<\/h5>\n<h5 class=\"has-text-align-left\">\n<strong>D\u00e9veloppeur foncier dans le 93 et 77<\/strong>\n<a rel=\"noreferrer noopener\" href=\"https:\/\/bgpromoteur.fr\/wp-content\/uploads\/2026\/01\/Developpeur-Foncier-93-et-77.pdf\" target=\"_blank\"><br>t\u00e9l\u00e9chargez l\u2019offre au format PDF<\/a>\n<\/h5>\n<h5 class=\"has-text-align-left\">\n<strong>Assistant(e) administratif<\/strong>\n<a rel=\"noreferrer noopener\" href=\"https:\/\/bgpromoteur.fr\/wp-content\/uploads\/2026\/01\/Assistant-Administratif.pdf\" target=\"_blank\"><br>t\u00e9l\u00e9chargez l\u2019offre au format PDF<\/a>\n<\/h5>\n<h5 class=\"has-text-align-left\">\n<strong>Charg\u00e9 d&rsquo;op\u00e9ration expert<\/strong>\n<a rel=\"noreferrer noopener\" href=\"https:\/\/bgpromoteur.fr\/wp-content\/uploads\/2026\/01\/Annonce-MOE-Charge-dope-expert.pdf\" target=\"_blank\"><br>t\u00e9l\u00e9chargez l\u2019offre au format PDF<\/a>\n<\/h5>\n<h5 class=\"has-text-align-left\">\n<strong>Charg\u00e9 d&rsquo;op\u00e9ration confirm\u00e9<\/strong>\n<a rel=\"noreferrer noopener\" href=\"https:\/\/bgpromoteur.fr\/wp-content\/uploads\/2026\/01\/Annonce-MOE-OPCconfirme.pdf\" target=\"_blank\"><br>t\u00e9l\u00e9chargez l\u2019offre au format PDF<\/a>\n<\/h5>\n\n\n\n\n<p><\/p>\n<\/div><\/div>\n<\/div><\/div>\n<\/div>\n<\/div>\n\n\n\n<p><\/p>\n","protected":false},"excerpt":{"rendered":"<p>Vous recherchez un groupe performant ? En progression permanente, nous recherchons&nbsp;de nouveaux talents pour accompagner les diff\u00e9rentes structures du groupe. Postulez \u00e0 nos offres Rejoignez-nous ! Chef de chantier t\u00e9l\u00e9chargez l\u2019offre au format PDF Conducteur de travaux t\u00e9l\u00e9chargez l\u2019offre au format PDF Technicien SAV Menuiserie ext. et plaquiste t\u00e9l\u00e9chargez l\u2019offre au format PDF D\u00e9veloppeur foncier [&hellip;]<\/p>\n","protected":false},"author":1,"featured_media":0,"parent":0,"menu_order":0,"comment_status":"closed","ping_status":"closed","template":"","meta":{"footnotes":""},"class_list":["post-29","page","type-page","status-publish","hentry"],"yoast_head":"<!-- This site is optimized with the Yoast SEO plugin v25.3 - https:\/\/yoast.com\/wordpress\/plugins\/seo\/ -->\n<title>Nous recrutons - B&amp;G Promoteur-Constructeur<\/title>\n<meta name=\"description\" content=\"Rejoignez nos \u00e9quipes !\" \/>\n<meta name=\"robots\" content=\"index, follow, max-snippet:-1, max-image-preview:large, max-video-preview:-1\" \/>\n<link rel=\"canonical\" href=\"https:\/\/bgpromoteur.fr\/index.php\/nous-recrutons\/\" \/>\n<meta property=\"og:locale\" content=\"fr_FR\" \/>\n<meta property=\"og:type\" content=\"article\" \/>\n<meta property=\"og:title\" content=\"B&amp;G Promoteur-Constructeur - La ma\u00eetrise des savoir-faire\" \/>\n<meta property=\"og:description\" content=\"Rejoignez nos \u00e9quipes\" \/>\n<meta property=\"og:url\" content=\"https:\/\/bgpromoteur.fr\/index.php\/nous-recrutons\/\" \/>\n<meta property=\"og:site_name\" content=\"B&amp;G Promoteur-Constructeur\" \/>\n<meta property=\"article:modified_time\" content=\"2026-01-15T08:09:57+00:00\" \/>\n<meta property=\"og:image\" content=\"https:\/\/bgpromoteur.fr\/wp-content\/uploads\/2021\/05\/Fotolia_4518619_XS.jpg\" \/>\n\t<meta property=\"og:image:width\" content=\"390\" \/>\n\t<meta property=\"og:image:height\" content=\"307\" \/>\n\t<meta property=\"og:image:type\" content=\"image\/jpeg\" \/>\n<meta name=\"twitter:card\" content=\"summary_large_image\" \/>\n<meta name=\"twitter:title\" content=\"B&amp;G Promoteur-Constructeur - La ma\u00eetrise des savoir-faire\" \/>\n<meta name=\"twitter:description\" content=\"Rejoignez nos \u00e9quipes\" \/>\n<meta name=\"twitter:image\" content=\"https:\/\/bgpromoteur.fr\/wp-content\/uploads\/2021\/05\/Fotolia_4518619_XS.jpg\" \/>\n<meta name=\"twitter:label1\" content=\"Dur\u00e9e de lecture estim\u00e9e\" \/>\n\t<meta name=\"twitter:data1\" content=\"1 minute\" \/>\n<script type=\"application\/ld+json\" class=\"yoast-schema-graph\">{\"@context\":\"https:\/\/schema.org\",\"@graph\":[{\"@type\":\"WebPage\",\"@id\":\"https:\/\/bgpromoteur.fr\/index.php\/nous-recrutons\/\",\"url\":\"https:\/\/bgpromoteur.fr\/index.php\/nous-recrutons\/\",\"name\":\"Nous recrutons - B&amp;G Promoteur-Constructeur\",\"isPartOf\":{\"@id\":\"https:\/\/bgpromoteur.fr\/#website\"},\"primaryImageOfPage\":{\"@id\":\"https:\/\/bgpromoteur.fr\/index.php\/nous-recrutons\/#primaryimage\"},\"image\":{\"@id\":\"https:\/\/bgpromoteur.fr\/index.php\/nous-recrutons\/#primaryimage\"},\"thumbnailUrl\":\"https:\/\/bgpromoteur.fr\/wp-content\/uploads\/2021\/06\/iStock-921965326-1024x683.jpg\",\"datePublished\":\"2021-05-27T12:58:26+00:00\",\"dateModified\":\"2026-01-15T08:09:57+00:00\",\"description\":\"Rejoignez nos \u00e9quipes !\",\"breadcrumb\":{\"@id\":\"https:\/\/bgpromoteur.fr\/index.php\/nous-recrutons\/#breadcrumb\"},\"inLanguage\":\"fr-FR\",\"potentialAction\":[{\"@type\":\"ReadAction\",\"target\":[\"https:\/\/bgpromoteur.fr\/index.php\/nous-recrutons\/\"]}]},{\"@type\":\"ImageObject\",\"inLanguage\":\"fr-FR\",\"@id\":\"https:\/\/bgpromoteur.fr\/index.php\/nous-recrutons\/#primaryimage\",\"url\":\"https:\/\/bgpromoteur.fr\/wp-content\/uploads\/2021\/06\/iStock-921965326-1024x683.jpg\",\"contentUrl\":\"https:\/\/bgpromoteur.fr\/wp-content\/uploads\/2021\/06\/iStock-921965326-1024x683.jpg\"},{\"@type\":\"BreadcrumbList\",\"@id\":\"https:\/\/bgpromoteur.fr\/index.php\/nous-recrutons\/#breadcrumb\",\"itemListElement\":[{\"@type\":\"ListItem\",\"position\":1,\"name\":\"Accueil\",\"item\":\"https:\/\/bgpromoteur.fr\/\"},{\"@type\":\"ListItem\",\"position\":2,\"name\":\"Nous recrutons\"}]},{\"@type\":\"WebSite\",\"@id\":\"https:\/\/bgpromoteur.fr\/#website\",\"url\":\"https:\/\/bgpromoteur.fr\/\",\"name\":\"B&amp;G Promoteur-Constructeur\",\"description\":\"\",\"publisher\":{\"@id\":\"https:\/\/bgpromoteur.fr\/#organization\"},\"potentialAction\":[{\"@type\":\"SearchAction\",\"target\":{\"@type\":\"EntryPoint\",\"urlTemplate\":\"https:\/\/bgpromoteur.fr\/?s={search_term_string}\"},\"query-input\":{\"@type\":\"PropertyValueSpecification\",\"valueRequired\":true,\"valueName\":\"search_term_string\"}}],\"inLanguage\":\"fr-FR\"},{\"@type\":\"Organization\",\"@id\":\"https:\/\/bgpromoteur.fr\/#organization\",\"name\":\"B&G Promoteur-Constructeur\",\"url\":\"https:\/\/bgpromoteur.fr\/\",\"logo\":{\"@type\":\"ImageObject\",\"inLanguage\":\"fr-FR\",\"@id\":\"https:\/\/bgpromoteur.fr\/#\/schema\/logo\/image\/\",\"url\":\"https:\/\/bgpromoteur.fr\/wp-content\/uploads\/2021\/06\/logobg_facebook.jpg\",\"contentUrl\":\"https:\/\/bgpromoteur.fr\/wp-content\/uploads\/2021\/06\/logobg_facebook.jpg\",\"width\":200,\"height\":200,\"caption\":\"B&G Promoteur-Constructeur\"},\"image\":{\"@id\":\"https:\/\/bgpromoteur.fr\/#\/schema\/logo\/image\/\"}}]}<\/script>\n<!-- \/ Yoast SEO plugin. -->","yoast_head_json":{"title":"Nous recrutons - B&amp;G Promoteur-Constructeur","description":"Rejoignez nos \u00e9quipes !","robots":{"index":"index","follow":"follow","max-snippet":"max-snippet:-1","max-image-preview":"max-image-preview:large","max-video-preview":"max-video-preview:-1"},"canonical":"https:\/\/bgpromoteur.fr\/index.php\/nous-recrutons\/","og_locale":"fr_FR","og_type":"article","og_title":"B&G Promoteur-Constructeur - La ma\u00eetrise des savoir-faire","og_description":"Rejoignez nos \u00e9quipes","og_url":"https:\/\/bgpromoteur.fr\/index.php\/nous-recrutons\/","og_site_name":"B&amp;G Promoteur-Constructeur","article_modified_time":"2026-01-15T08:09:57+00:00","og_image":[{"width":390,"height":307,"url":"https:\/\/bgpromoteur.fr\/wp-content\/uploads\/2021\/05\/Fotolia_4518619_XS.jpg","type":"image\/jpeg"}],"twitter_card":"summary_large_image","twitter_title":"B&G Promoteur-Constructeur - La ma\u00eetrise des savoir-faire","twitter_description":"Rejoignez nos \u00e9quipes","twitter_image":"https:\/\/bgpromoteur.fr\/wp-content\/uploads\/2021\/05\/Fotolia_4518619_XS.jpg","twitter_misc":{"Dur\u00e9e de lecture estim\u00e9e":"1 minute"},"schema":{"@context":"https:\/\/schema.org","@graph":[{"@type":"WebPage","@id":"https:\/\/bgpromoteur.fr\/index.php\/nous-recrutons\/","url":"https:\/\/bgpromoteur.fr\/index.php\/nous-recrutons\/","name":"Nous recrutons - B&amp;G Promoteur-Constructeur","isPartOf":{"@id":"https:\/\/bgpromoteur.fr\/#website"},"primaryImageOfPage":{"@id":"https:\/\/bgpromoteur.fr\/index.php\/nous-recrutons\/#primaryimage"},"image":{"@id":"https:\/\/bgpromoteur.fr\/index.php\/nous-recrutons\/#primaryimage"},"thumbnailUrl":"https:\/\/bgpromoteur.fr\/wp-content\/uploads\/2021\/06\/iStock-921965326-1024x683.jpg","datePublished":"2021-05-27T12:58:26+00:00","dateModified":"2026-01-15T08:09:57+00:00","description":"Rejoignez nos \u00e9quipes !","breadcrumb":{"@id":"https:\/\/bgpromoteur.fr\/index.php\/nous-recrutons\/#breadcrumb"},"inLanguage":"fr-FR","potentialAction":[{"@type":"ReadAction","target":["https:\/\/bgpromoteur.fr\/index.php\/nous-recrutons\/"]}]},{"@type":"ImageObject","inLanguage":"fr-FR","@id":"https:\/\/bgpromoteur.fr\/index.php\/nous-recrutons\/#primaryimage","url":"https:\/\/bgpromoteur.fr\/wp-content\/uploads\/2021\/06\/iStock-921965326-1024x683.jpg","contentUrl":"https:\/\/bgpromoteur.fr\/wp-content\/uploads\/2021\/06\/iStock-921965326-1024x683.jpg"},{"@type":"BreadcrumbList","@id":"https:\/\/bgpromoteur.fr\/index.php\/nous-recrutons\/#breadcrumb","itemListElement":[{"@type":"ListItem","position":1,"name":"Accueil","item":"https:\/\/bgpromoteur.fr\/"},{"@type":"ListItem","position":2,"name":"Nous recrutons"}]},{"@type":"WebSite","@id":"https:\/\/bgpromoteur.fr\/#website","url":"https:\/\/bgpromoteur.fr\/","name":"B&amp;G Promoteur-Constructeur","description":"","publisher":{"@id":"https:\/\/bgpromoteur.fr\/#organization"},"potentialAction":[{"@type":"SearchAction","target":{"@type":"EntryPoint","urlTemplate":"https:\/\/bgpromoteur.fr\/?s={search_term_string}"},"query-input":{"@type":"PropertyValueSpecification","valueRequired":true,"valueName":"search_term_string"}}],"inLanguage":"fr-FR"},{"@type":"Organization","@id":"https:\/\/bgpromoteur.fr\/#organization","name":"B&G Promoteur-Constructeur","url":"https:\/\/bgpromoteur.fr\/","logo":{"@type":"ImageObject","inLanguage":"fr-FR","@id":"https:\/\/bgpromoteur.fr\/#\/schema\/logo\/image\/","url":"https:\/\/bgpromoteur.fr\/wp-content\/uploads\/2021\/06\/logobg_facebook.jpg","contentUrl":"https:\/\/bgpromoteur.fr\/wp-content\/uploads\/2021\/06\/logobg_facebook.jpg","width":200,"height":200,"caption":"B&G Promoteur-Constructeur"},"image":{"@id":"https:\/\/bgpromoteur.fr\/#\/schema\/logo\/image\/"}}]}},"_links":{"self":[{"href":"https:\/\/bgpromoteur.fr\/index.php\/wp-json\/wp\/v2\/pages\/29","targetHints":{"allow":["GET"]}}],"collection":[{"href":"https:\/\/bgpromoteur.fr\/index.php\/wp-json\/wp\/v2\/pages"}],"about":[{"href":"https:\/\/bgpromoteur.fr\/index.php\/wp-json\/wp\/v2\/types\/page"}],"author":[{"embeddable":true,"href":"https:\/\/bgpromoteur.fr\/index.php\/wp-json\/wp\/v2\/users\/1"}],"replies":[{"embeddable":true,"href":"https:\/\/bgpromoteur.fr\/index.php\/wp-json\/wp\/v2\/comments?post=29"}],"version-history":[{"count":123,"href":"https:\/\/bgpromoteur.fr\/index.php\/wp-json\/wp\/v2\/pages\/29\/revisions"}],"predecessor-version":[{"id":1939,"href":"https:\/\/bgpromoteur.fr\/index.php\/wp-json\/wp\/v2\/pages\/29\/revisions\/1939"}],"wp:attachment":[{"href":"https:\/\/bgpromoteur.fr\/index.php\/wp-json\/wp\/v2\/media?parent=29"}],"curies":[{"name":"wp","href":"https:\/\/api.w.org\/{rel}","templated":true}]}}