{"id":1063,"date":"2022-03-16T13:44:13","date_gmt":"2022-03-16T12:44:13","guid":{"rendered":"https:\/\/bgpromoteur.fr\/?page_id=1063"},"modified":"2025-02-12T14:45:33","modified_gmt":"2025-02-12T13:45:33","slug":"les-jardins-de-maffliers","status":"publish","type":"page","link":"https:\/\/bgpromoteur.fr\/index.php\/les-jardins-de-maffliers\/","title":{"rendered":"Les Jardins de Maffliers"},"content":{"rendered":"\n<h3 class=\"wp-block-heading\">Les Jardins de Maffliers &#8211; 60 logements collectifs et 8 maisons<\/h3>\n\n\n\n<figure class=\"wp-block-image size-large\"><img loading=\"lazy\" decoding=\"async\" width=\"1024\" height=\"321\" src=\"https:\/\/bgpromoteur.fr\/wp-content\/uploads\/2025\/02\/maffliers_slide-1024x321.jpg\" alt=\"\" class=\"wp-image-1795\" srcset=\"https:\/\/bgpromoteur.fr\/wp-content\/uploads\/2025\/02\/maffliers_slide-1024x321.jpg 1024w, https:\/\/bgpromoteur.fr\/wp-content\/uploads\/2025\/02\/maffliers_slide-300x94.jpg 300w, https:\/\/bgpromoteur.fr\/wp-content\/uploads\/2025\/02\/maffliers_slide-768x240.jpg 768w, https:\/\/bgpromoteur.fr\/wp-content\/uploads\/2025\/02\/maffliers_slide-1536x481.jpg 1536w, https:\/\/bgpromoteur.fr\/wp-content\/uploads\/2025\/02\/maffliers_slide.jpg 1920w\" sizes=\"auto, (max-width: 1024px) 100vw, 1024px\" \/><\/figure>\n\n\n\n<div style=\"height:49px\" aria-hidden=\"true\" class=\"wp-block-spacer\"><\/div>\n\n\n\n<h2 class=\"wp-block-heading\"><strong><span class=\"has-inline-color has-vivid-cyan-blue-color\">LA RESIDENCE<\/span><\/strong><\/h2>\n\n\n\n<p>La r\u00e9sidence \u00ab Les Jardins de Maffliers \u00bb se compose de 60 logements collectifs allant du T2 au T4, r\u00e9partie sur 2 b\u00e2timents et de 8 maisons individuelles. L\u2019acc\u00e8s \u00e0 la r\u00e9sidence se fera depuis la route nationale 1 et desservira l\u2019ensemble du projet et ses 132 stationnements dont 75 en sous-sol sous le b\u00e2timent 2 et 41 en a\u00e9rien. Chacune des 8 maisons disposera d\u2019un garage privatif et d\u2019une place en ext\u00e9rieur. L\u2019environnement existant compos\u00e9 de parcelles<br>v\u00e9g\u00e9talis\u00e9es et de maisons individuelles offre une qualit\u00e9 de vie calme et agr\u00e9able.<\/p>\n\n\n\n<figure class=\"wp-block-image size-large\"><img loading=\"lazy\" decoding=\"async\" width=\"1024\" height=\"528\" src=\"https:\/\/bgpromoteur.fr\/wp-content\/uploads\/2022\/03\/maffliers_maisons-1024x528-1.jpg\" alt=\"\" class=\"wp-image-1084\" srcset=\"https:\/\/bgpromoteur.fr\/wp-content\/uploads\/2022\/03\/maffliers_maisons-1024x528-1.jpg 1024w, https:\/\/bgpromoteur.fr\/wp-content\/uploads\/2022\/03\/maffliers_maisons-1024x528-1-300x155.jpg 300w, https:\/\/bgpromoteur.fr\/wp-content\/uploads\/2022\/03\/maffliers_maisons-1024x528-1-768x396.jpg 768w\" sizes=\"auto, (max-width: 1024px) 100vw, 1024px\" \/><\/figure>\n\n\n\n<h2 class=\"wp-block-heading\"><span style=\"background-color:rgba(0, 0, 0, 0)\" class=\"has-inline-color has-vivid-cyan-blue-color\">LA COMMUNE DE MAFFLIERS<\/span><\/h2>\n\n\n\n<p>Situ\u00e9e dans le Val d\u2019Oise en r\u00e9gion \u00cele-de-France \u00e0 seulement 20 minutes de l\u2019A\u00e9roport de Paris-Charles de Gaulle, la commune de Maffliers se caract\u00e9rise par son identit\u00e9 rurale et sa proximit\u00e9 avec la for\u00eat de L\u2019Isle-Adam (5km) et la for\u00eat de Carnelle (10 km). Pour autant, elle est anim\u00e9e par sa vie associative et sa localisation dans l\u2019arrondissement de Sarcelles lui permet d\u2019\u00eatre tr\u00e8s bien desservie par les transports en commun. Profitez du calme de la campagne tout en demeurant proche de l\u2019animation des grandes villes. Rejoignez Cergy en vingt minutes ou l\u2019effervescence de la capitale en une quarantaine de minutes. Cet environnement est id\u00e9al pour les personnes actives, attir\u00e9es par la nature et le port. B\u00e9n\u00e9ficiez de commerces de proximit\u00e9 et de structures sportives \u00e0 c\u00f4t\u00e9 de votre programme pour effectuer vos d\u00e9placements quotidiens \u00e0 pied.<\/p>\n\n\n\n<h2 class=\"wp-block-heading\"><span style=\"background-color:rgba(0, 0, 0, 0)\" class=\"has-inline-color has-vivid-cyan-blue-color\">SE RENDRE A MAFFLIERS<\/span><\/h2>\n\n\n\n<p>En train, la ligne H dessert Persan-Beaumont depuis la correspondance de Creil ou Paris-Nord. En gardant la m\u00eame ligne, Persan-Beaumont dessert la gare Monsoult-Maffliers \u00e0 seulement 2 minutes en voiture de la r\u00e9sidence. La ligne 30-36 permet la liaison entre la Gare Monsoult- Maffliers et l\u2019arr\u00eat de bus \u00ab Centre \u00bb de Maffliers, qui se trouve \u00e0 seulement 600m de la r\u00e9sidence. Depuis la gare, il est aussi possible de prendre la ligne 95-09 pour aller jusqu\u2019au Centre Commercial. Depuis 2020, apr\u00e8s quatre ann\u00e9es de travaux, l\u2019autoroute A16 est prolong\u00e9e afin de permettre l\u2019acc\u00e8s direct au Grand Paris.<\/p>\n\n\n\n<div class=\"map_wrapper\" id=\"map_wrapper_1078\">\n<div class=\"map_box\" style=\"max-width:500px\">\n<div class=\"map_aspect_ratio\" style=\"padding-top:56%\" data-padding-top=\"56%\" data-padding-top-mobile=\"\">\n<div class=\"map_container\">\n<div class=\"map_render map_loading\" id=\"map_1078\"><\/div>\n<\/div>\n<\/div>\n<\/div>\n<\/div>\n\n\n<div class=\"wp-block-image\">\n<figure class=\"aligncenter size-large\"><a href=\"https:\/\/www.bgpromoteur.fr\/plaquettes\/plaquette_maffliers.pdf\" target=\"_blank\" rel=\"noopener noreferrer\"><img loading=\"lazy\" decoding=\"async\" width=\"516\" height=\"102\" src=\"https:\/\/bgpromoteur.fr\/wp-content\/uploads\/2021\/06\/telecharge_brochure.png\" alt=\"\" class=\"wp-image-312\" srcset=\"https:\/\/bgpromoteur.fr\/wp-content\/uploads\/2021\/06\/telecharge_brochure.png 516w, https:\/\/bgpromoteur.fr\/wp-content\/uploads\/2021\/06\/telecharge_brochure-300x59.png 300w\" sizes=\"auto, (max-width: 516px) 100vw, 516px\" \/><\/a><\/figure><\/div>","protected":false},"excerpt":{"rendered":"<p>Les Jardins de Maffliers &#8211; 60 logements collectifs et 8 maisons LA RESIDENCE La r\u00e9sidence \u00ab Les Jardins de Maffliers \u00bb se compose de 60 logements collectifs allant du T2 au T4, r\u00e9partie sur 2 b\u00e2timents et de 8 maisons individuelles. L\u2019acc\u00e8s \u00e0 la r\u00e9sidence se fera depuis la route nationale 1 et desservira l\u2019ensemble [&hellip;]<\/p>\n","protected":false},"author":1,"featured_media":0,"parent":0,"menu_order":0,"comment_status":"closed","ping_status":"closed","template":"","meta":{"footnotes":""},"class_list":["post-1063","page","type-page","status-publish","hentry"],"yoast_head":"<!-- This site is optimized with the Yoast SEO plugin v25.3 - https:\/\/yoast.com\/wordpress\/plugins\/seo\/ -->\n<title>Les Jardins de Maffliers - B&amp;G Promoteur-Constructeur<\/title>\n<meta name=\"description\" content=\"60 logements collectifs et 8 maisons\" \/>\n<meta name=\"robots\" content=\"index, follow, max-snippet:-1, max-image-preview:large, max-video-preview:-1\" \/>\n<link rel=\"canonical\" href=\"https:\/\/bgpromoteur.fr\/index.php\/les-jardins-de-maffliers\/\" \/>\n<meta property=\"og:locale\" content=\"fr_FR\" \/>\n<meta property=\"og:type\" content=\"article\" \/>\n<meta property=\"og:title\" content=\"Les Jardins de Maffliers - B&amp;G Promoteur-Constructeur\" \/>\n<meta property=\"og:description\" content=\"60 logements collectifs et 8 maisons\" \/>\n<meta property=\"og:url\" content=\"https:\/\/bgpromoteur.fr\/index.php\/les-jardins-de-maffliers\/\" \/>\n<meta property=\"og:site_name\" content=\"B&amp;G Promoteur-Constructeur\" \/>\n<meta property=\"article:modified_time\" content=\"2025-02-12T13:45:33+00:00\" \/>\n<meta property=\"og:image\" content=\"https:\/\/bgpromoteur.fr\/wp-content\/uploads\/2025\/02\/maffliers_slide-1024x321.jpg\" \/>\n<meta name=\"twitter:card\" content=\"summary_large_image\" \/>\n<meta name=\"twitter:label1\" content=\"Dur\u00e9e de lecture estim\u00e9e\" \/>\n\t<meta name=\"twitter:data1\" content=\"3 minutes\" \/>\n<script type=\"application\/ld+json\" class=\"yoast-schema-graph\">{\"@context\":\"https:\/\/schema.org\",\"@graph\":[{\"@type\":\"WebPage\",\"@id\":\"https:\/\/bgpromoteur.fr\/index.php\/les-jardins-de-maffliers\/\",\"url\":\"https:\/\/bgpromoteur.fr\/index.php\/les-jardins-de-maffliers\/\",\"name\":\"Les Jardins de Maffliers - B&amp;G Promoteur-Constructeur\",\"isPartOf\":{\"@id\":\"https:\/\/bgpromoteur.fr\/#website\"},\"primaryImageOfPage\":{\"@id\":\"https:\/\/bgpromoteur.fr\/index.php\/les-jardins-de-maffliers\/#primaryimage\"},\"image\":{\"@id\":\"https:\/\/bgpromoteur.fr\/index.php\/les-jardins-de-maffliers\/#primaryimage\"},\"thumbnailUrl\":\"https:\/\/bgpromoteur.fr\/wp-content\/uploads\/2025\/02\/maffliers_slide-1024x321.jpg\",\"datePublished\":\"2022-03-16T12:44:13+00:00\",\"dateModified\":\"2025-02-12T13:45:33+00:00\",\"description\":\"60 logements collectifs et 8 maisons\",\"breadcrumb\":{\"@id\":\"https:\/\/bgpromoteur.fr\/index.php\/les-jardins-de-maffliers\/#breadcrumb\"},\"inLanguage\":\"fr-FR\",\"potentialAction\":[{\"@type\":\"ReadAction\",\"target\":[\"https:\/\/bgpromoteur.fr\/index.php\/les-jardins-de-maffliers\/\"]}]},{\"@type\":\"ImageObject\",\"inLanguage\":\"fr-FR\",\"@id\":\"https:\/\/bgpromoteur.fr\/index.php\/les-jardins-de-maffliers\/#primaryimage\",\"url\":\"\",\"contentUrl\":\"\"},{\"@type\":\"BreadcrumbList\",\"@id\":\"https:\/\/bgpromoteur.fr\/index.php\/les-jardins-de-maffliers\/#breadcrumb\",\"itemListElement\":[{\"@type\":\"ListItem\",\"position\":1,\"name\":\"Accueil\",\"item\":\"https:\/\/bgpromoteur.fr\/\"},{\"@type\":\"ListItem\",\"position\":2,\"name\":\"Les Jardins de Maffliers\"}]},{\"@type\":\"WebSite\",\"@id\":\"https:\/\/bgpromoteur.fr\/#website\",\"url\":\"https:\/\/bgpromoteur.fr\/\",\"name\":\"B&amp;G Promoteur-Constructeur\",\"description\":\"\",\"publisher\":{\"@id\":\"https:\/\/bgpromoteur.fr\/#organization\"},\"potentialAction\":[{\"@type\":\"SearchAction\",\"target\":{\"@type\":\"EntryPoint\",\"urlTemplate\":\"https:\/\/bgpromoteur.fr\/?s={search_term_string}\"},\"query-input\":{\"@type\":\"PropertyValueSpecification\",\"valueRequired\":true,\"valueName\":\"search_term_string\"}}],\"inLanguage\":\"fr-FR\"},{\"@type\":\"Organization\",\"@id\":\"https:\/\/bgpromoteur.fr\/#organization\",\"name\":\"B&G Promoteur-Constructeur\",\"url\":\"https:\/\/bgpromoteur.fr\/\",\"logo\":{\"@type\":\"ImageObject\",\"inLanguage\":\"fr-FR\",\"@id\":\"https:\/\/bgpromoteur.fr\/#\/schema\/logo\/image\/\",\"url\":\"https:\/\/bgpromoteur.fr\/wp-content\/uploads\/2021\/06\/logobg_facebook.jpg\",\"contentUrl\":\"https:\/\/bgpromoteur.fr\/wp-content\/uploads\/2021\/06\/logobg_facebook.jpg\",\"width\":200,\"height\":200,\"caption\":\"B&G Promoteur-Constructeur\"},\"image\":{\"@id\":\"https:\/\/bgpromoteur.fr\/#\/schema\/logo\/image\/\"}}]}<\/script>\n<!-- \/ Yoast SEO plugin. -->","yoast_head_json":{"title":"Les Jardins de Maffliers - B&amp;G Promoteur-Constructeur","description":"60 logements collectifs et 8 maisons","robots":{"index":"index","follow":"follow","max-snippet":"max-snippet:-1","max-image-preview":"max-image-preview:large","max-video-preview":"max-video-preview:-1"},"canonical":"https:\/\/bgpromoteur.fr\/index.php\/les-jardins-de-maffliers\/","og_locale":"fr_FR","og_type":"article","og_title":"Les Jardins de Maffliers - B&amp;G Promoteur-Constructeur","og_description":"60 logements collectifs et 8 maisons","og_url":"https:\/\/bgpromoteur.fr\/index.php\/les-jardins-de-maffliers\/","og_site_name":"B&amp;G Promoteur-Constructeur","article_modified_time":"2025-02-12T13:45:33+00:00","og_image":[{"url":"https:\/\/bgpromoteur.fr\/wp-content\/uploads\/2025\/02\/maffliers_slide-1024x321.jpg","type":"","width":"","height":""}],"twitter_card":"summary_large_image","twitter_misc":{"Dur\u00e9e de lecture estim\u00e9e":"3 minutes"},"schema":{"@context":"https:\/\/schema.org","@graph":[{"@type":"WebPage","@id":"https:\/\/bgpromoteur.fr\/index.php\/les-jardins-de-maffliers\/","url":"https:\/\/bgpromoteur.fr\/index.php\/les-jardins-de-maffliers\/","name":"Les Jardins de Maffliers - B&amp;G Promoteur-Constructeur","isPartOf":{"@id":"https:\/\/bgpromoteur.fr\/#website"},"primaryImageOfPage":{"@id":"https:\/\/bgpromoteur.fr\/index.php\/les-jardins-de-maffliers\/#primaryimage"},"image":{"@id":"https:\/\/bgpromoteur.fr\/index.php\/les-jardins-de-maffliers\/#primaryimage"},"thumbnailUrl":"https:\/\/bgpromoteur.fr\/wp-content\/uploads\/2025\/02\/maffliers_slide-1024x321.jpg","datePublished":"2022-03-16T12:44:13+00:00","dateModified":"2025-02-12T13:45:33+00:00","description":"60 logements collectifs et 8 maisons","breadcrumb":{"@id":"https:\/\/bgpromoteur.fr\/index.php\/les-jardins-de-maffliers\/#breadcrumb"},"inLanguage":"fr-FR","potentialAction":[{"@type":"ReadAction","target":["https:\/\/bgpromoteur.fr\/index.php\/les-jardins-de-maffliers\/"]}]},{"@type":"ImageObject","inLanguage":"fr-FR","@id":"https:\/\/bgpromoteur.fr\/index.php\/les-jardins-de-maffliers\/#primaryimage","url":"","contentUrl":""},{"@type":"BreadcrumbList","@id":"https:\/\/bgpromoteur.fr\/index.php\/les-jardins-de-maffliers\/#breadcrumb","itemListElement":[{"@type":"ListItem","position":1,"name":"Accueil","item":"https:\/\/bgpromoteur.fr\/"},{"@type":"ListItem","position":2,"name":"Les Jardins de Maffliers"}]},{"@type":"WebSite","@id":"https:\/\/bgpromoteur.fr\/#website","url":"https:\/\/bgpromoteur.fr\/","name":"B&amp;G Promoteur-Constructeur","description":"","publisher":{"@id":"https:\/\/bgpromoteur.fr\/#organization"},"potentialAction":[{"@type":"SearchAction","target":{"@type":"EntryPoint","urlTemplate":"https:\/\/bgpromoteur.fr\/?s={search_term_string}"},"query-input":{"@type":"PropertyValueSpecification","valueRequired":true,"valueName":"search_term_string"}}],"inLanguage":"fr-FR"},{"@type":"Organization","@id":"https:\/\/bgpromoteur.fr\/#organization","name":"B&G Promoteur-Constructeur","url":"https:\/\/bgpromoteur.fr\/","logo":{"@type":"ImageObject","inLanguage":"fr-FR","@id":"https:\/\/bgpromoteur.fr\/#\/schema\/logo\/image\/","url":"https:\/\/bgpromoteur.fr\/wp-content\/uploads\/2021\/06\/logobg_facebook.jpg","contentUrl":"https:\/\/bgpromoteur.fr\/wp-content\/uploads\/2021\/06\/logobg_facebook.jpg","width":200,"height":200,"caption":"B&G Promoteur-Constructeur"},"image":{"@id":"https:\/\/bgpromoteur.fr\/#\/schema\/logo\/image\/"}}]}},"_links":{"self":[{"href":"https:\/\/bgpromoteur.fr\/index.php\/wp-json\/wp\/v2\/pages\/1063","targetHints":{"allow":["GET"]}}],"collection":[{"href":"https:\/\/bgpromoteur.fr\/index.php\/wp-json\/wp\/v2\/pages"}],"about":[{"href":"https:\/\/bgpromoteur.fr\/index.php\/wp-json\/wp\/v2\/types\/page"}],"author":[{"embeddable":true,"href":"https:\/\/bgpromoteur.fr\/index.php\/wp-json\/wp\/v2\/users\/1"}],"replies":[{"embeddable":true,"href":"https:\/\/bgpromoteur.fr\/index.php\/wp-json\/wp\/v2\/comments?post=1063"}],"version-history":[{"count":15,"href":"https:\/\/bgpromoteur.fr\/index.php\/wp-json\/wp\/v2\/pages\/1063\/revisions"}],"predecessor-version":[{"id":1798,"href":"https:\/\/bgpromoteur.fr\/index.php\/wp-json\/wp\/v2\/pages\/1063\/revisions\/1798"}],"wp:attachment":[{"href":"https:\/\/bgpromoteur.fr\/index.php\/wp-json\/wp\/v2\/media?parent=1063"}],"curies":[{"name":"wp","href":"https:\/\/api.w.org\/{rel}","templated":true}]}}