{"id":1015,"date":"2022-02-17T13:40:31","date_gmt":"2022-02-17T12:40:31","guid":{"rendered":"https:\/\/bgpromoteur.fr\/?page_id=1015"},"modified":"2025-02-12T15:21:45","modified_gmt":"2025-02-12T14:21:45","slug":"residence-de-57-logements-de-standing","status":"publish","type":"page","link":"https:\/\/bgpromoteur.fr\/index.php\/residence-de-57-logements-de-standing\/","title":{"rendered":"Dammartin-en-Go\u00eble &#8211; R\u00e9sidence La Pommeraie"},"content":{"rendered":"\n<h2 class=\"wp-block-heading has-text-align-center\">R\u00e9sidence de 57 logements de standing<\/h2>\n\n\n\n<div style=\"height:100px\" aria-hidden=\"true\" class=\"wp-block-spacer\"><\/div>\n\n\n\n<figure class=\"wp-block-image size-large\"><img loading=\"lazy\" decoding=\"async\" width=\"1024\" height=\"321\" src=\"https:\/\/bgpromoteur.fr\/wp-content\/uploads\/2025\/02\/dammartin_slide-1024x321.jpg\" alt=\"\" class=\"wp-image-1801\" srcset=\"https:\/\/bgpromoteur.fr\/wp-content\/uploads\/2025\/02\/dammartin_slide-1024x321.jpg 1024w, https:\/\/bgpromoteur.fr\/wp-content\/uploads\/2025\/02\/dammartin_slide-300x94.jpg 300w, https:\/\/bgpromoteur.fr\/wp-content\/uploads\/2025\/02\/dammartin_slide-768x240.jpg 768w, https:\/\/bgpromoteur.fr\/wp-content\/uploads\/2025\/02\/dammartin_slide-1536x481.jpg 1536w, https:\/\/bgpromoteur.fr\/wp-content\/uploads\/2025\/02\/dammartin_slide.jpg 1920w\" sizes=\"auto, (max-width: 1024px) 100vw, 1024px\" \/><\/figure>\n\n\n\n<h2 class=\"wp-block-heading\"><strong><span class=\"has-inline-color has-vivid-cyan-blue-color\">VOTRE R\u00c9SIDENCE IDEALEMENT SITU\u00c9E<\/span><\/strong><\/h2>\n\n\n\n<p style=\"text-align:justify\">La r\u00e9sidence de la Pommeraie est situ\u00e9e sur l\u2019avenue du Mar\u00e9chal Leclerc en\nentr\u00e9e de ville. Elle est compos\u00e9e de 2 b\u00e2timents avec 57 logements collectifs\ndu type 1 au type 4. Elle est construite \u00e0 la lisi\u00e8re d\u2019un parc comprenant un\nespace naturel pour des promenades exceptionnelles. Son emplacement \u00e0\nquelques pas d\u2019un \u00e9changeur permet \u00e0 ses r\u00e9sidents de se rendre en gare\nde Saint-Mard en seulement 5 minutes. Un r\u00e9seau de transport public de bus\nassez \u00e9toff\u00e9 dessert le centre, les diff\u00e9rents quartiers et la zone d\u2019activit\u00e9. La\nr\u00e9sidence propose une architecture soign\u00e9e et attractive dans un style en harmonie\navec le caract\u00e8re naturel des lieux. Elle s\u2019inscrit dans le respect des\nnormes environnementales en vigueur.<br>\n120 places de stationnements dont 111 dans un parking en sous-sol et\n9 places a\u00e9riennes.<\/p><br>\n\n\n<div class=\"wp-block-image is-resized\">\n<figure class=\"aligncenter size-large\"><img loading=\"lazy\" decoding=\"async\" width=\"1024\" height=\"768\" src=\"https:\/\/bgpromoteur.fr\/wp-content\/uploads\/2022\/02\/dammartin_vue2-1024x768.jpg\" alt=\"\" class=\"wp-image-1017\" srcset=\"https:\/\/bgpromoteur.fr\/wp-content\/uploads\/2022\/02\/dammartin_vue2-1024x768.jpg 1024w, https:\/\/bgpromoteur.fr\/wp-content\/uploads\/2022\/02\/dammartin_vue2-300x225.jpg 300w, https:\/\/bgpromoteur.fr\/wp-content\/uploads\/2022\/02\/dammartin_vue2-768x576.jpg 768w, https:\/\/bgpromoteur.fr\/wp-content\/uploads\/2022\/02\/dammartin_vue2.jpg 1200w\" sizes=\"auto, (max-width: 1024px) 100vw, 1024px\" \/><\/figure><\/div>\n\n\n<div style=\"height:100px\" aria-hidden=\"true\" class=\"wp-block-spacer\"><\/div>\n\n\n\n<h2 class=\"wp-block-heading\"><span style=\"background-color:rgba(0, 0, 0, 0)\" class=\"has-inline-color has-vivid-cyan-blue-color\">SE RENDRE A DAMMARTIN<\/span><\/h2>\n\n\n\n<p style=\"text-align:justify\">La commune est \u00e0 moins de 15 minutes de l\u2019A\u00e9roport Paris Charles-de-\nGaulle, \u00e0 30 minutes de Marne-la-Vall\u00e9e et de Paris. On peut s\u2019y rendre en\nempruntant la RN2 par un \u00e9changeur au sud de la ville et un \u00e9changeur au\nnord qui rejoint l\u2019A1.<br>\nLigne K du Transilien Paris-Nord et TER Picardie.<br>\n120 places de stationnements dont 111 dans un parking en sous-sol et\n9 places a\u00e9riennes.<\/p><br>\n\n\n\n<h2 class=\"wp-block-heading\"><span style=\"background-color:rgba(0, 0, 0, 0)\" class=\"has-inline-color has-vivid-cyan-blue-color\">DAMMARTIN, ENTRE VILLE ET CAMPAGNE<\/span><\/h2>\n\n\n\n<p style=\"text-align:justify\">Dammartin-en-Go\u00eble est une \u00ab ville-nature \u00bb de Seine-et-Marne situ\u00e9e \u00e0 la\ncampagne entre Senlis et Meaux. Elle est tr\u00e8s largement compos\u00e9e de zones\npavillonnaires d\u00e9coup\u00e9es d\u2019espaces verts et de bois. Elle offre un parc naturel\nau coeur de la ville et des secteurs arbor\u00e9s pour les promenades. Dammartin\npropose de nombreux commerces et services. Cette ville en d\u00e9veloppement\nposs\u00e8de 4 groupes scolaires, un coll\u00e8ge et un nouveau lyc\u00e9e. Elle offre\naux Dammartinois un p\u00f4le de sant\u00e9, un cabinet dentaire et un laboratoire de\nradiologie. Elle compte \u00e9galement de nombreuses associations sportives qui\ndisposent de tous les \u00e9quipements n\u00e9cessaires. C\u2019est une ville dynamique qui\noffre un cadre de vie id\u00e9al \u00e0 presque 10 000 habitants.<br><\/p>\n\n\n\n<div class=\"map_wrapper\" id=\"map_wrapper_1014\">\n<div class=\"map_box\" style=\"max-width:500px\">\n<div class=\"map_aspect_ratio\" style=\"padding-top:56%\" data-padding-top=\"56%\" data-padding-top-mobile=\"\">\n<div class=\"map_container\">\n<div class=\"map_render map_loading\" id=\"map_1014\"><\/div>\n<\/div>\n<\/div>\n<\/div>\n<\/div>\n\n\n\n<div style=\"height:100px\" aria-hidden=\"true\" class=\"wp-block-spacer\"><\/div>\n\n\n\n<figure class=\"wp-block-image size-large\"><img loading=\"lazy\" decoding=\"async\" width=\"1024\" height=\"768\" src=\"https:\/\/bgpromoteur.fr\/wp-content\/uploads\/2022\/02\/dammartin_vue1-1024x768.jpg\" alt=\"\" class=\"wp-image-1016\" srcset=\"https:\/\/bgpromoteur.fr\/wp-content\/uploads\/2022\/02\/dammartin_vue1-1024x768.jpg 1024w, https:\/\/bgpromoteur.fr\/wp-content\/uploads\/2022\/02\/dammartin_vue1-300x225.jpg 300w, https:\/\/bgpromoteur.fr\/wp-content\/uploads\/2022\/02\/dammartin_vue1-768x576.jpg 768w, https:\/\/bgpromoteur.fr\/wp-content\/uploads\/2022\/02\/dammartin_vue1.jpg 1200w\" sizes=\"auto, (max-width: 1024px) 100vw, 1024px\" \/><\/figure>\n\n\n\n<center><figure class=\"wp-block-image size-large\"><a href=\"https:\/\/bgpromoteur.fr\/plaquettes\/plaquette_dammartin_en_goele.pdf\" target=\"_blank\" rel=\"noopener noreferrer\"><img loading=\"lazy\" decoding=\"async\" width=\"516\" height=\"102\" src=\"https:\/\/bgpromoteur.fr\/wp-content\/uploads\/2021\/06\/telecharge_brochure.png\" alt=\"\" class=\"wp-image-312\" srcset=\"https:\/\/bgpromoteur.fr\/wp-content\/uploads\/2021\/06\/telecharge_brochure.png 516w, https:\/\/bgpromoteur.fr\/wp-content\/uploads\/2021\/06\/telecharge_brochure-300x59.png 300w\" sizes=\"auto, (max-width: 516px) 100vw, 516px\" \/><\/a><\/figure><\/center>\n","protected":false},"excerpt":{"rendered":"<p>R\u00e9sidence de 57 logements de standing VOTRE R\u00c9SIDENCE IDEALEMENT SITU\u00c9E La r\u00e9sidence de la Pommeraie est situ\u00e9e sur l\u2019avenue du Mar\u00e9chal Leclerc en entr\u00e9e de ville. Elle est compos\u00e9e de 2 b\u00e2timents avec 57 logements collectifs du type 1 au type 4. Elle est construite \u00e0 la lisi\u00e8re d\u2019un parc comprenant un espace naturel pour [&hellip;]<\/p>\n","protected":false},"author":1,"featured_media":0,"parent":0,"menu_order":0,"comment_status":"closed","ping_status":"closed","template":"","meta":{"footnotes":""},"class_list":["post-1015","page","type-page","status-publish","hentry"],"yoast_head":"<!-- This site is optimized with the Yoast SEO plugin v25.3 - https:\/\/yoast.com\/wordpress\/plugins\/seo\/ -->\n<title>Dammartin-en-Go\u00eble - R\u00e9sidence La Pommeraie - B&amp;G Promoteur-Constructeur<\/title>\n<meta name=\"robots\" content=\"index, follow, max-snippet:-1, max-image-preview:large, max-video-preview:-1\" \/>\n<link rel=\"canonical\" href=\"https:\/\/bgpromoteur.fr\/index.php\/residence-de-57-logements-de-standing\/\" \/>\n<meta property=\"og:locale\" content=\"fr_FR\" \/>\n<meta property=\"og:type\" content=\"article\" \/>\n<meta property=\"og:title\" content=\"Dammartin-en-Go\u00eble - R\u00e9sidence La Pommeraie - B&amp;G Promoteur-Constructeur\" \/>\n<meta property=\"og:description\" content=\"R\u00e9sidence de 57 logements de standing VOTRE R\u00c9SIDENCE IDEALEMENT SITU\u00c9E La r\u00e9sidence de la Pommeraie est situ\u00e9e sur l\u2019avenue du Mar\u00e9chal Leclerc en entr\u00e9e de ville. Elle est compos\u00e9e de 2 b\u00e2timents avec 57 logements collectifs du type 1 au type 4. Elle est construite \u00e0 la lisi\u00e8re d\u2019un parc comprenant un espace naturel pour [&hellip;]\" \/>\n<meta property=\"og:url\" content=\"https:\/\/bgpromoteur.fr\/index.php\/residence-de-57-logements-de-standing\/\" \/>\n<meta property=\"og:site_name\" content=\"B&amp;G Promoteur-Constructeur\" \/>\n<meta property=\"article:modified_time\" content=\"2025-02-12T14:21:45+00:00\" \/>\n<meta property=\"og:image\" content=\"https:\/\/bgpromoteur.fr\/wp-content\/uploads\/2025\/02\/dammartin_slide-1024x321.jpg\" \/>\n<meta name=\"twitter:card\" content=\"summary_large_image\" \/>\n<meta name=\"twitter:label1\" content=\"Dur\u00e9e de lecture estim\u00e9e\" \/>\n\t<meta name=\"twitter:data1\" content=\"3 minutes\" \/>\n<script type=\"application\/ld+json\" class=\"yoast-schema-graph\">{\"@context\":\"https:\/\/schema.org\",\"@graph\":[{\"@type\":\"WebPage\",\"@id\":\"https:\/\/bgpromoteur.fr\/index.php\/residence-de-57-logements-de-standing\/\",\"url\":\"https:\/\/bgpromoteur.fr\/index.php\/residence-de-57-logements-de-standing\/\",\"name\":\"Dammartin-en-Go\u00eble - R\u00e9sidence La Pommeraie - B&amp;G Promoteur-Constructeur\",\"isPartOf\":{\"@id\":\"https:\/\/bgpromoteur.fr\/#website\"},\"primaryImageOfPage\":{\"@id\":\"https:\/\/bgpromoteur.fr\/index.php\/residence-de-57-logements-de-standing\/#primaryimage\"},\"image\":{\"@id\":\"https:\/\/bgpromoteur.fr\/index.php\/residence-de-57-logements-de-standing\/#primaryimage\"},\"thumbnailUrl\":\"https:\/\/bgpromoteur.fr\/wp-content\/uploads\/2025\/02\/dammartin_slide-1024x321.jpg\",\"datePublished\":\"2022-02-17T12:40:31+00:00\",\"dateModified\":\"2025-02-12T14:21:45+00:00\",\"breadcrumb\":{\"@id\":\"https:\/\/bgpromoteur.fr\/index.php\/residence-de-57-logements-de-standing\/#breadcrumb\"},\"inLanguage\":\"fr-FR\",\"potentialAction\":[{\"@type\":\"ReadAction\",\"target\":[\"https:\/\/bgpromoteur.fr\/index.php\/residence-de-57-logements-de-standing\/\"]}]},{\"@type\":\"ImageObject\",\"inLanguage\":\"fr-FR\",\"@id\":\"https:\/\/bgpromoteur.fr\/index.php\/residence-de-57-logements-de-standing\/#primaryimage\",\"url\":\"https:\/\/bgpromoteur.fr\/wp-content\/uploads\/2025\/02\/dammartin_slide.jpg\",\"contentUrl\":\"https:\/\/bgpromoteur.fr\/wp-content\/uploads\/2025\/02\/dammartin_slide.jpg\",\"width\":1920,\"height\":601},{\"@type\":\"BreadcrumbList\",\"@id\":\"https:\/\/bgpromoteur.fr\/index.php\/residence-de-57-logements-de-standing\/#breadcrumb\",\"itemListElement\":[{\"@type\":\"ListItem\",\"position\":1,\"name\":\"Accueil\",\"item\":\"https:\/\/bgpromoteur.fr\/\"},{\"@type\":\"ListItem\",\"position\":2,\"name\":\"Dammartin-en-Go\u00eble &#8211; R\u00e9sidence La Pommeraie\"}]},{\"@type\":\"WebSite\",\"@id\":\"https:\/\/bgpromoteur.fr\/#website\",\"url\":\"https:\/\/bgpromoteur.fr\/\",\"name\":\"B&amp;G Promoteur-Constructeur\",\"description\":\"\",\"publisher\":{\"@id\":\"https:\/\/bgpromoteur.fr\/#organization\"},\"potentialAction\":[{\"@type\":\"SearchAction\",\"target\":{\"@type\":\"EntryPoint\",\"urlTemplate\":\"https:\/\/bgpromoteur.fr\/?s={search_term_string}\"},\"query-input\":{\"@type\":\"PropertyValueSpecification\",\"valueRequired\":true,\"valueName\":\"search_term_string\"}}],\"inLanguage\":\"fr-FR\"},{\"@type\":\"Organization\",\"@id\":\"https:\/\/bgpromoteur.fr\/#organization\",\"name\":\"B&G Promoteur-Constructeur\",\"url\":\"https:\/\/bgpromoteur.fr\/\",\"logo\":{\"@type\":\"ImageObject\",\"inLanguage\":\"fr-FR\",\"@id\":\"https:\/\/bgpromoteur.fr\/#\/schema\/logo\/image\/\",\"url\":\"https:\/\/bgpromoteur.fr\/wp-content\/uploads\/2021\/06\/logobg_facebook.jpg\",\"contentUrl\":\"https:\/\/bgpromoteur.fr\/wp-content\/uploads\/2021\/06\/logobg_facebook.jpg\",\"width\":200,\"height\":200,\"caption\":\"B&G Promoteur-Constructeur\"},\"image\":{\"@id\":\"https:\/\/bgpromoteur.fr\/#\/schema\/logo\/image\/\"}}]}<\/script>\n<!-- \/ Yoast SEO plugin. -->","yoast_head_json":{"title":"Dammartin-en-Go\u00eble - R\u00e9sidence La Pommeraie - B&amp;G Promoteur-Constructeur","robots":{"index":"index","follow":"follow","max-snippet":"max-snippet:-1","max-image-preview":"max-image-preview:large","max-video-preview":"max-video-preview:-1"},"canonical":"https:\/\/bgpromoteur.fr\/index.php\/residence-de-57-logements-de-standing\/","og_locale":"fr_FR","og_type":"article","og_title":"Dammartin-en-Go\u00eble - R\u00e9sidence La Pommeraie - B&amp;G Promoteur-Constructeur","og_description":"R\u00e9sidence de 57 logements de standing VOTRE R\u00c9SIDENCE IDEALEMENT SITU\u00c9E La r\u00e9sidence de la Pommeraie est situ\u00e9e sur l\u2019avenue du Mar\u00e9chal Leclerc en entr\u00e9e de ville. Elle est compos\u00e9e de 2 b\u00e2timents avec 57 logements collectifs du type 1 au type 4. Elle est construite \u00e0 la lisi\u00e8re d\u2019un parc comprenant un espace naturel pour [&hellip;]","og_url":"https:\/\/bgpromoteur.fr\/index.php\/residence-de-57-logements-de-standing\/","og_site_name":"B&amp;G Promoteur-Constructeur","article_modified_time":"2025-02-12T14:21:45+00:00","og_image":[{"url":"https:\/\/bgpromoteur.fr\/wp-content\/uploads\/2025\/02\/dammartin_slide-1024x321.jpg","type":"","width":"","height":""}],"twitter_card":"summary_large_image","twitter_misc":{"Dur\u00e9e de lecture estim\u00e9e":"3 minutes"},"schema":{"@context":"https:\/\/schema.org","@graph":[{"@type":"WebPage","@id":"https:\/\/bgpromoteur.fr\/index.php\/residence-de-57-logements-de-standing\/","url":"https:\/\/bgpromoteur.fr\/index.php\/residence-de-57-logements-de-standing\/","name":"Dammartin-en-Go\u00eble - R\u00e9sidence La Pommeraie - B&amp;G Promoteur-Constructeur","isPartOf":{"@id":"https:\/\/bgpromoteur.fr\/#website"},"primaryImageOfPage":{"@id":"https:\/\/bgpromoteur.fr\/index.php\/residence-de-57-logements-de-standing\/#primaryimage"},"image":{"@id":"https:\/\/bgpromoteur.fr\/index.php\/residence-de-57-logements-de-standing\/#primaryimage"},"thumbnailUrl":"https:\/\/bgpromoteur.fr\/wp-content\/uploads\/2025\/02\/dammartin_slide-1024x321.jpg","datePublished":"2022-02-17T12:40:31+00:00","dateModified":"2025-02-12T14:21:45+00:00","breadcrumb":{"@id":"https:\/\/bgpromoteur.fr\/index.php\/residence-de-57-logements-de-standing\/#breadcrumb"},"inLanguage":"fr-FR","potentialAction":[{"@type":"ReadAction","target":["https:\/\/bgpromoteur.fr\/index.php\/residence-de-57-logements-de-standing\/"]}]},{"@type":"ImageObject","inLanguage":"fr-FR","@id":"https:\/\/bgpromoteur.fr\/index.php\/residence-de-57-logements-de-standing\/#primaryimage","url":"https:\/\/bgpromoteur.fr\/wp-content\/uploads\/2025\/02\/dammartin_slide.jpg","contentUrl":"https:\/\/bgpromoteur.fr\/wp-content\/uploads\/2025\/02\/dammartin_slide.jpg","width":1920,"height":601},{"@type":"BreadcrumbList","@id":"https:\/\/bgpromoteur.fr\/index.php\/residence-de-57-logements-de-standing\/#breadcrumb","itemListElement":[{"@type":"ListItem","position":1,"name":"Accueil","item":"https:\/\/bgpromoteur.fr\/"},{"@type":"ListItem","position":2,"name":"Dammartin-en-Go\u00eble &#8211; R\u00e9sidence La Pommeraie"}]},{"@type":"WebSite","@id":"https:\/\/bgpromoteur.fr\/#website","url":"https:\/\/bgpromoteur.fr\/","name":"B&amp;G Promoteur-Constructeur","description":"","publisher":{"@id":"https:\/\/bgpromoteur.fr\/#organization"},"potentialAction":[{"@type":"SearchAction","target":{"@type":"EntryPoint","urlTemplate":"https:\/\/bgpromoteur.fr\/?s={search_term_string}"},"query-input":{"@type":"PropertyValueSpecification","valueRequired":true,"valueName":"search_term_string"}}],"inLanguage":"fr-FR"},{"@type":"Organization","@id":"https:\/\/bgpromoteur.fr\/#organization","name":"B&G Promoteur-Constructeur","url":"https:\/\/bgpromoteur.fr\/","logo":{"@type":"ImageObject","inLanguage":"fr-FR","@id":"https:\/\/bgpromoteur.fr\/#\/schema\/logo\/image\/","url":"https:\/\/bgpromoteur.fr\/wp-content\/uploads\/2021\/06\/logobg_facebook.jpg","contentUrl":"https:\/\/bgpromoteur.fr\/wp-content\/uploads\/2021\/06\/logobg_facebook.jpg","width":200,"height":200,"caption":"B&G Promoteur-Constructeur"},"image":{"@id":"https:\/\/bgpromoteur.fr\/#\/schema\/logo\/image\/"}}]}},"_links":{"self":[{"href":"https:\/\/bgpromoteur.fr\/index.php\/wp-json\/wp\/v2\/pages\/1015","targetHints":{"allow":["GET"]}}],"collection":[{"href":"https:\/\/bgpromoteur.fr\/index.php\/wp-json\/wp\/v2\/pages"}],"about":[{"href":"https:\/\/bgpromoteur.fr\/index.php\/wp-json\/wp\/v2\/types\/page"}],"author":[{"embeddable":true,"href":"https:\/\/bgpromoteur.fr\/index.php\/wp-json\/wp\/v2\/users\/1"}],"replies":[{"embeddable":true,"href":"https:\/\/bgpromoteur.fr\/index.php\/wp-json\/wp\/v2\/comments?post=1015"}],"version-history":[{"count":32,"href":"https:\/\/bgpromoteur.fr\/index.php\/wp-json\/wp\/v2\/pages\/1015\/revisions"}],"predecessor-version":[{"id":1803,"href":"https:\/\/bgpromoteur.fr\/index.php\/wp-json\/wp\/v2\/pages\/1015\/revisions\/1803"}],"wp:attachment":[{"href":"https:\/\/bgpromoteur.fr\/index.php\/wp-json\/wp\/v2\/media?parent=1015"}],"curies":[{"name":"wp","href":"https:\/\/api.w.org\/{rel}","templated":true}]}}